{"id":367,"date":"2023-08-15T23:55:10","date_gmt":"2023-08-16T02:55:10","guid":{"rendered":"https:\/\/levs.cl\/?page_id=367"},"modified":"2023-10-31T13:52:39","modified_gmt":"2023-10-31T16:52:39","slug":"mapa","status":"publish","type":"page","link":"https:\/\/levs.cl\/index.php\/mapa\/","title":{"rendered":"MAPA"},"content":{"rendered":"<p>[et_pb_section fb_built=&#8221;1&#8243; make_equal=&#8221;on&#8221; specialty=&#8221;on&#8221; custom_padding_last_edited=&#8221;on|tablet&#8221; use_background_color_gradient_1=&#8221;on&#8221; background_color_gradient_direction_1=&#8221;90deg&#8221; background_color_gradient_stops_1=&#8221;#1c1c1c 60%|#ffffff 60%&#8221; background_color_gradient_start_1=&#8221;#1c1c1c&#8221; background_color_gradient_end_1=&#8221;#ffffff&#8221; background_color_gradient_start_position_1=&#8221;60%&#8221; background_color_gradient_end_position_1=&#8221;60%&#8221; padding_top_1=&#8221;8vw&#8221; padding_top_2=&#8221;12vw&#8221; padding_right_2=&#8221;10vw&#8221; padding_bottom_2=&#8221;12vw&#8221; padding_left_1=&#8221;10vw&#8221; padding_top_bottom_link_1=&#8221;false&#8221; padding_top_bottom_link_2=&#8221;true&#8221; padding_2_tablet=&#8221;0vw|10vw|0vw|10vw|true|true&#8221; padding_2_phone=&#8221;&#8221; padding_2_last_edited=&#8221;on|desktop&#8221; admin_label=&#8221;Hero&#8221; _builder_version=&#8221;4.16&#8243; inner_width=&#8221;100%&#8221; inner_max_width=&#8221;100%&#8221; custom_margin=&#8221;||&#8221; custom_margin_tablet=&#8221;||100px|&#8221; custom_margin_phone=&#8221;&#8221; custom_margin_last_edited=&#8221;on|tablet&#8221; custom_padding=&#8221;0px||0vw||false|&#8221; custom_padding_tablet=&#8221;||&#8221; custom_padding_phone=&#8221;&#8221; use_custom_width=&#8221;on&#8221; width_unit=&#8221;off&#8221; custom_width_percent=&#8221;100%&#8221; global_colors_info=&#8221;{}&#8221;][et_pb_column type=&#8221;1_2&#8243; _builder_version=&#8221;4.16&#8243; custom_padding=&#8221;|||&#8221; global_colors_info=&#8221;{}&#8221; padding_bottom__hover=&#8221;6vw&#8221; padding_left__hover=&#8221;10vw&#8221; padding_top__hover=&#8221;8vw&#8221; parallax__hover=&#8221;off&#8221; parallax_method__hover=&#8221;on&#8221; use_background_color_gradient__hover=&#8221;on&#8221; background_color_gradient_start__hover=&#8221;#1c1c1c&#8221; background_color_gradient_end__hover=&#8221;rgba(255,255,255,0)&#8221; background_color_gradient_direction__hover=&#8221;90deg&#8221; background_color_gradient_start_position__hover=&#8221;50%&#8221; background_color_gradient_end_position__hover=&#8221;0%&#8221; custom_padding__hover=&#8221;|||&#8221; background_color_gradient_stops__hover=&#8221;#1c1c1c 50%|rgba(255,255,255,0) 50%&#8221;][et_pb_image src=&#8221;https:\/\/levs.cl\/wp-content\/uploads\/2023\/08\/MAPA.png&#8221; title_text=&#8221;MAPA&#8221; align=&#8221;center&#8221; align_tablet=&#8221;center&#8221; align_phone=&#8221;center&#8221; align_last_edited=&#8221;on|desktop&#8221; _builder_version=&#8221;4.22.1&#8243; max_width_tablet=&#8221;200px&#8221; max_width_phone=&#8221;&#8221; max_width_last_edited=&#8221;on|tablet&#8221; animation_direction=&#8221;left&#8221; box_shadow_style=&#8221;preset3&#8243; box_shadow_horizontal=&#8221;40px&#8221; box_shadow_vertical=&#8221;40px&#8221; box_shadow_blur=&#8221;80px&#8221; box_shadow_spread=&#8221;-20px&#8221; box_shadow_color=&#8221;rgba(0,0,0,0.12)&#8221; global_colors_info=&#8221;{}&#8221;][\/et_pb_image][\/et_pb_column][et_pb_column type=&#8221;1_2&#8243; specialty_columns=&#8221;2&#8243; _builder_version=&#8221;4.16&#8243; custom_padding=&#8221;|||&#8221; global_colors_info=&#8221;{}&#8221; padding_tablet__hover=&#8221;5vw|10vw|5vw|10vw||true&#8221; padding_last_edited__hover=&#8221;on|phone&#8221; padding_bottom__hover=&#8221;6vw&#8221; padding_left__hover=&#8221;3vw&#8221; padding_right__hover=&#8221;10vw&#8221; padding_top__hover=&#8221;8vw&#8221; parallax__hover=&#8221;off&#8221; parallax_method__hover=&#8221;on&#8221; custom_padding__hover=&#8221;|||&#8221;][et_pb_row_inner _builder_version=&#8221;4.16&#8243; global_colors_info=&#8221;{}&#8221;][et_pb_column_inner saved_specialty_column_type=&#8221;1_2&#8243; _builder_version=&#8221;4.16&#8243; custom_padding=&#8221;|||&#8221; global_colors_info=&#8221;{}&#8221; parallax__hover=&#8221;off&#8221; parallax_method__hover=&#8221;on&#8221; custom_padding__hover=&#8221;|||&#8221;][et_pb_text _builder_version=&#8221;4.22.0&#8243; _module_preset=&#8221;default&#8221; global_colors_info=&#8221;{}&#8221;]<\/p>\n<p><strong>Programa de Monitoreo Medio Marino y Estuarino, Proyecto MAPA (Modernizaci\u00f3n Ampliaci\u00f3n Planta Arauco) componente Avifauna.<\/strong><\/p>\n<p>2015-Presente.<\/p>\n<p style=\"text-align: left;\">Mediante un monitoreo de largo plazo de la avifauna presente en el Golfo de Arauco, se espera poder entregar elementos suficientes para identificar las fuentes de variaci\u00f3n de las poblaciones de aves acu\u00e1ticas, dada la reconocida utilidad que tiene este grupo como bioindicadores ambientales, pudiendo as\u00ed, separar aquellos cambios atribuibles al funcionamiento de la operaci\u00f3n industrial de la Planta Horcones con aquellos factores producidos por otras causas. Se realizan censos de aves acu\u00e1ticas estacionalmente (verano, oto\u00f1o, invierno y primavera) y de manera peri\u00f3dica en las zonas estuarinas de las desembocaduras de los r\u00edos Laraquete, Carampangue y Tubul-Raqui, adem\u00e1s, un muestreo de la playa en los sectores de Horcones, Laraquete y Carampangue.<\/p>\n<p style=\"text-align: justify;\">Financiamiento: Grupo Arauco. RCA 37\/2014<\/p>\n<p>[\/et_pb_text][\/et_pb_column_inner][\/et_pb_row_inner][\/et_pb_column][\/et_pb_section]<\/p>\n","protected":false},"excerpt":{"rendered":"<p>Programa de Monitoreo Medio Marino y Estuarino, Proyecto MAPA (Modernizaci\u00f3n Ampliaci\u00f3n Planta Arauco) componente Avifauna. 2015-Presente. Mediante un monitoreo de largo plazo de la avifauna presente en el Golfo de Arauco, se espera poder entregar elementos suficientes para identificar las fuentes de variaci\u00f3n de las poblaciones de aves acu\u00e1ticas, dada la reconocida utilidad que tiene [&hellip;]<\/p>\n","protected":false},"author":1,"featured_media":0,"parent":0,"menu_order":0,"comment_status":"closed","ping_status":"closed","template":"","meta":{"_et_pb_use_builder":"on","_et_pb_old_content":"","_et_gb_content_width":"","footnotes":""},"class_list":["post-367","page","type-page","status-publish","hentry"],"_links":{"self":[{"href":"https:\/\/levs.cl\/index.php\/wp-json\/wp\/v2\/pages\/367","targetHints":{"allow":["GET"]}}],"collection":[{"href":"https:\/\/levs.cl\/index.php\/wp-json\/wp\/v2\/pages"}],"about":[{"href":"https:\/\/levs.cl\/index.php\/wp-json\/wp\/v2\/types\/page"}],"author":[{"embeddable":true,"href":"https:\/\/levs.cl\/index.php\/wp-json\/wp\/v2\/users\/1"}],"replies":[{"embeddable":true,"href":"https:\/\/levs.cl\/index.php\/wp-json\/wp\/v2\/comments?post=367"}],"version-history":[{"count":4,"href":"https:\/\/levs.cl\/index.php\/wp-json\/wp\/v2\/pages\/367\/revisions"}],"predecessor-version":[{"id":1213,"href":"https:\/\/levs.cl\/index.php\/wp-json\/wp\/v2\/pages\/367\/revisions\/1213"}],"wp:attachment":[{"href":"https:\/\/levs.cl\/index.php\/wp-json\/wp\/v2\/media?parent=367"}],"curies":[{"name":"wp","href":"https:\/\/api.w.org\/{rel}","templated":true}]}}