{"id":223,"date":"2023-07-15T02:28:18","date_gmt":"2023-07-15T05:28:18","guid":{"rendered":"https:\/\/levs.cl\/?page_id=223"},"modified":"2023-10-16T16:20:02","modified_gmt":"2023-10-16T19:20:02","slug":"dra-nelida-villasenor","status":"publish","type":"page","link":"https:\/\/levs.cl\/index.php\/dra-nelida-villasenor\/","title":{"rendered":"Dra. N\u00e9lida Villase\u00f1or"},"content":{"rendered":"<p>[et_pb_section fb_built=&#8221;1&#8243; make_equal=&#8221;on&#8221; specialty=&#8221;on&#8221; custom_padding_last_edited=&#8221;on|tablet&#8221; use_background_color_gradient_1=&#8221;on&#8221; background_color_gradient_direction_1=&#8221;90deg&#8221; background_color_gradient_stops_1=&#8221;#1c1c1c 60%|#ffffff 60%&#8221; background_color_gradient_start_1=&#8221;#1c1c1c&#8221; background_color_gradient_end_1=&#8221;#ffffff&#8221; background_color_gradient_start_position_1=&#8221;60%&#8221; background_color_gradient_end_position_1=&#8221;60%&#8221; padding_top_1=&#8221;8vw&#8221; padding_top_2=&#8221;12vw&#8221; padding_right_2=&#8221;10vw&#8221; padding_bottom_2=&#8221;12vw&#8221; padding_left_1=&#8221;10vw&#8221; padding_top_bottom_link_1=&#8221;false&#8221; padding_top_bottom_link_2=&#8221;true&#8221; padding_2_tablet=&#8221;0vw|10vw|0vw|10vw|true|true&#8221; padding_2_phone=&#8221;&#8221; padding_2_last_edited=&#8221;on|desktop&#8221; admin_label=&#8221;Hero&#8221; _builder_version=&#8221;4.16&#8243; inner_width=&#8221;100%&#8221; inner_max_width=&#8221;100%&#8221; custom_margin=&#8221;||&#8221; custom_margin_tablet=&#8221;||100px|&#8221; custom_margin_phone=&#8221;&#8221; custom_margin_last_edited=&#8221;on|tablet&#8221; custom_padding=&#8221;0px||0vw||false|&#8221; custom_padding_tablet=&#8221;||&#8221; custom_padding_phone=&#8221;&#8221; use_custom_width=&#8221;on&#8221; width_unit=&#8221;off&#8221; custom_width_percent=&#8221;100%&#8221; global_colors_info=&#8221;{}&#8221;][et_pb_column type=&#8221;1_2&#8243; _builder_version=&#8221;4.16&#8243; custom_padding=&#8221;|||&#8221; global_colors_info=&#8221;{}&#8221; padding_bottom__hover=&#8221;6vw&#8221; padding_left__hover=&#8221;10vw&#8221; padding_top__hover=&#8221;8vw&#8221; parallax__hover=&#8221;off&#8221; parallax_method__hover=&#8221;on&#8221; use_background_color_gradient__hover=&#8221;on&#8221; background_color_gradient_start__hover=&#8221;#1c1c1c&#8221; background_color_gradient_end__hover=&#8221;rgba(255,255,255,0)&#8221; background_color_gradient_direction__hover=&#8221;90deg&#8221; background_color_gradient_start_position__hover=&#8221;50%&#8221; background_color_gradient_end_position__hover=&#8221;0%&#8221; custom_padding__hover=&#8221;|||&#8221; background_color_gradient_stops__hover=&#8221;#1c1c1c 50%|rgba(255,255,255,0) 50%&#8221;][et_pb_image src=&#8221;https:\/\/levs.cl\/wp-content\/uploads\/2023\/07\/nelida.png&#8221; title_text=&#8221;nelida&#8221; align=&#8221;center&#8221; align_tablet=&#8221;center&#8221; align_phone=&#8221;center&#8221; align_last_edited=&#8221;on|desktop&#8221; _builder_version=&#8221;4.21.0&#8243; max_width_tablet=&#8221;200px&#8221; max_width_phone=&#8221;&#8221; max_width_last_edited=&#8221;on|tablet&#8221; animation_direction=&#8221;left&#8221; box_shadow_style=&#8221;preset3&#8243; box_shadow_horizontal=&#8221;40px&#8221; box_shadow_vertical=&#8221;40px&#8221; box_shadow_blur=&#8221;80px&#8221; box_shadow_spread=&#8221;-20px&#8221; box_shadow_color=&#8221;rgba(0,0,0,0.12)&#8221; global_colors_info=&#8221;{}&#8221;][\/et_pb_image][\/et_pb_column][et_pb_column type=&#8221;1_2&#8243; specialty_columns=&#8221;2&#8243; _builder_version=&#8221;4.16&#8243; custom_padding=&#8221;|||&#8221; global_colors_info=&#8221;{}&#8221; padding_tablet__hover=&#8221;5vw|10vw|5vw|10vw||true&#8221; padding_last_edited__hover=&#8221;on|phone&#8221; padding_bottom__hover=&#8221;6vw&#8221; padding_left__hover=&#8221;3vw&#8221; padding_right__hover=&#8221;10vw&#8221; padding_top__hover=&#8221;8vw&#8221; parallax__hover=&#8221;off&#8221; parallax_method__hover=&#8221;on&#8221; custom_padding__hover=&#8221;|||&#8221;][et_pb_row_inner _builder_version=&#8221;4.16&#8243; global_colors_info=&#8221;{}&#8221;][et_pb_column_inner saved_specialty_column_type=&#8221;1_2&#8243; _builder_version=&#8221;4.16&#8243; custom_padding=&#8221;|||&#8221; global_colors_info=&#8221;{}&#8221; parallax__hover=&#8221;off&#8221; parallax_method__hover=&#8221;on&#8221; custom_padding__hover=&#8221;|||&#8221;][et_pb_text _builder_version=&#8221;4.22.1&#8243; text_font=&#8221;Muli||||||||&#8221; text_font_size=&#8221;16px&#8221; text_line_height=&#8221;1.8em&#8221; header_font=&#8221;|700|||||||&#8221; header_font_size=&#8221;54px&#8221; header_line_height=&#8221;1.2em&#8221; header_6_font=&#8221;Muli|700||on|||||&#8221; header_6_text_color=&#8221;#0ccead&#8221; header_6_letter_spacing=&#8221;1px&#8221; header_6_line_height=&#8221;1.8em&#8221; max_width=&#8221;600px&#8221; animation_direction=&#8221;right&#8221; header_font_size_tablet=&#8221;56px&#8221; header_font_size_phone=&#8221;32px&#8221; header_font_size_last_edited=&#8221;on|phone&#8221; locked=&#8221;off&#8221; global_colors_info=&#8221;{}&#8221;]<\/p>\n<h1>Dra. N\u00e9lida Villase\u00f1or<\/h1>\n<p>[\/et_pb_text][et_pb_text _builder_version=&#8221;4.22.2&#8243; _module_preset=&#8221;default&#8221; hover_enabled=&#8221;0&#8243; global_colors_info=&#8221;{}&#8221; sticky_enabled=&#8221;0&#8243;]<\/p>\n<p style=\"text-align: justify;\"><strong>Co-directora Grupo de Ecolog\u00eda, Naturaleza y Sociedad<\/strong><span style=\"font-weight: 400;\"><br \/><\/span><span style=\"font-weight: 400;\">M\u00e9dico Veterinario (Universidad de Chile, 2010).<br \/><\/span><span style=\"font-weight: 400;\">Mag\u00edster en \u00c1reas Silvestres y Conservaci\u00f3n de la Naturaleza (Universidad de Chile, 2010).<br \/><\/span><span style=\"font-weight: 400;\">Ph.D (Fenner School of Environment and Society, The Australian National University, 2016).<\/span><\/p>\n<p style=\"text-align: left;\"><span style=\"font-weight: 400;\">Mis \u00e1reas de investigaci\u00f3n son la Conservaci\u00f3n de la Biodiversidad, la Ecolog\u00eda Urbana y la Ecolog\u00eda del Paisaje. Disfruto las diferentes etapas de la investigaci\u00f3n, incluyendo identificar t\u00f3picos interesantes e importantes en el \u00e1mbito nacional e internacional, el dise\u00f1o experimental, el trabajo de terreno, el an\u00e1lisis de datos e interpretaci\u00f3n y comunicaci\u00f3n de resultados. En los \u00faltimos a\u00f1os, mi l\u00ednea de investigaci\u00f3n se enmarca en Ecolog\u00eda Urbana. En t\u00e9rminos pr\u00e1cticos, investigo los factores que influyen sobre la distribuci\u00f3n y abundancia de animales vertebrados a diferentes escalas, en ambientes urbanos y en paisajes que est\u00e1n siendo modificados producto del desarrollo.<br \/><\/span><span style=\"font-weight: 400;\">Trabajo como Profesora Asistente en la Facultad de Ciencias Forestales y de la Conservaci\u00f3n de la Naturaleza (CFCN), Universidad de Chile, y\u00a0en el Departamento de Ciencias Qu\u00edmicas y Biol\u00f3gicas de la Universidad Bernardo O\u2019Higgins (UBO), donde coordino las asignaturas de Ecolog\u00eda y Zoolog\u00eda.<\/span><\/p>\n<p><span style=\"font-weight: 400;\"><a href=\"https:\/\/nelidavillasenor.wordpress.com\/\">https:\/\/nelidavillasenor.wordpress.com\/<\/a><br \/><a href=\"https:\/\/nelidavillasenor.wordpress.com\/\"><\/a><\/span><a href=\"https:\/\/orcid.org\/0000-0001-8624-4484\"><span style=\"font-weight: 400;\">https:\/\/orcid.org\/0000-0001-8624-4484<\/span><\/a><span style=\"font-weight: 400;\"><br \/><\/span><a href=\"https:\/\/www.researchgate.net\/profile\/Nelida-Villasenor\"><span style=\"font-weight: 400;\">https:\/\/www.researchgate.net\/profile\/Nelida-Villasenor<\/span><\/a><span style=\"font-weight: 400;\"><br \/><\/span><a href=\"https:\/\/scholar.google.com.au\/citations?user=AeGEXeUAAAAJ&amp;hl=es\"><span style=\"font-weight: 400;\">https:\/\/scholar.google.com.au\/citations?user=AeGEXeUAAAAJ&amp;hl=es<\/span><\/a><\/p>\n<p>&nbsp;<\/p>\n<p>[\/et_pb_text][\/et_pb_column_inner][\/et_pb_row_inner][\/et_pb_column][\/et_pb_section]<\/p>\n","protected":false},"excerpt":{"rendered":"<p>Dra. N\u00e9lida Villase\u00f1orCo-directora Grupo de Ecolog\u00eda, Naturaleza y SociedadM\u00e9dico Veterinario (Universidad de Chile, 2010).Mag\u00edster en \u00c1reas Silvestres y Conservaci\u00f3n de la Naturaleza (Universidad de Chile, 2010).Ph.D (Fenner School of Environment and Society, The Australian National University, 2016). Mis \u00e1reas de investigaci\u00f3n son la Conservaci\u00f3n de la Biodiversidad, la Ecolog\u00eda Urbana y la Ecolog\u00eda del Paisaje. [&hellip;]<\/p>\n","protected":false},"author":1,"featured_media":0,"parent":0,"menu_order":0,"comment_status":"closed","ping_status":"closed","template":"","meta":{"_et_pb_use_builder":"on","_et_pb_old_content":"","_et_gb_content_width":"","footnotes":""},"class_list":["post-223","page","type-page","status-publish","hentry"],"_links":{"self":[{"href":"https:\/\/levs.cl\/index.php\/wp-json\/wp\/v2\/pages\/223","targetHints":{"allow":["GET"]}}],"collection":[{"href":"https:\/\/levs.cl\/index.php\/wp-json\/wp\/v2\/pages"}],"about":[{"href":"https:\/\/levs.cl\/index.php\/wp-json\/wp\/v2\/types\/page"}],"author":[{"embeddable":true,"href":"https:\/\/levs.cl\/index.php\/wp-json\/wp\/v2\/users\/1"}],"replies":[{"embeddable":true,"href":"https:\/\/levs.cl\/index.php\/wp-json\/wp\/v2\/comments?post=223"}],"version-history":[{"count":5,"href":"https:\/\/levs.cl\/index.php\/wp-json\/wp\/v2\/pages\/223\/revisions"}],"predecessor-version":[{"id":1166,"href":"https:\/\/levs.cl\/index.php\/wp-json\/wp\/v2\/pages\/223\/revisions\/1166"}],"wp:attachment":[{"href":"https:\/\/levs.cl\/index.php\/wp-json\/wp\/v2\/media?parent=223"}],"curies":[{"name":"wp","href":"https:\/\/api.w.org\/{rel}","templated":true}]}}